{"id":355,"date":"2021-11-10T18:36:27","date_gmt":"2021-11-10T17:36:11","guid":{"rendered":"https:\/\/www.hotelmonnaie.com\/offres-speciales-2\/"},"modified":"2025-01-08T17:34:08","modified_gmt":"2025-01-08T16:34:08","slug":"special-offers","status":"publish","type":"page","link":"https:\/\/www.hotelmonnaie.com\/en\/special-offers\/","title":{"rendered":"Special offers"},"content":{"rendered":"<div data-elementor-type=\"wp-page\" data-elementor-id=\"355\" class=\"elementor elementor-355\" data-elementor-post-type=\"page\">\n\t\t\t\t\t\t<section class=\"elementor-section elementor-top-section elementor-element elementor-element-31e23e7d elementor-section-boxed elementor-section-height-default elementor-section-height-default\" data-id=\"31e23e7d\" data-element_type=\"section\" data-settings=\"{&quot;_ob_glider_is_slider&quot;:&quot;no&quot;}\">\n\t\t\t\t\t\t<div class=\"elementor-container elementor-column-gap-default\">\n\t\t\t\t\t<div class=\"elementor-column elementor-col-100 elementor-top-column elementor-element elementor-element-6b57c6df\" data-id=\"6b57c6df\" data-element_type=\"column\" data-settings=\"{&quot;_ob_column_hoveranimator&quot;:&quot;no&quot;,&quot;_ob_column_has_pseudo&quot;:&quot;no&quot;}\">\n\t\t\t<div class=\"elementor-widget-wrap elementor-element-populated\">\n\t\t\t\t\t\t<div class=\"elementor-element elementor-element-16b2f566 ob-harakiri-inherit ob-has-background-overlay elementor-widget elementor-widget-heading\" data-id=\"16b2f566\" data-element_type=\"widget\" data-settings=\"{&quot;_ob_use_harakiri&quot;:&quot;yes&quot;,&quot;_ob_harakiri_writing_mode&quot;:&quot;inherit&quot;,&quot;_ob_harakiri_text_clip&quot;:&quot;none&quot;,&quot;_ob_widget_stalker_use&quot;:&quot;no&quot;,&quot;_ob_poopart_use&quot;:&quot;yes&quot;,&quot;_ob_shadough_use&quot;:&quot;no&quot;,&quot;_ob_allow_hoveranimator&quot;:&quot;no&quot;}\" data-widget_type=\"heading.default\">\n\t\t\t\t<div class=\"elementor-widget-container\">\n\t\t\t\t\t<h1 class=\"elementor-heading-title elementor-size-default\">Special offers<\/h1>\t\t\t\t<\/div>\n\t\t\t\t<\/div>\n\t\t\t\t<div class=\"elementor-element elementor-element-aebc597 ob-harakiri-inherit ob-has-background-overlay elementor-widget elementor-widget-text-editor\" data-id=\"aebc597\" data-element_type=\"widget\" data-settings=\"{&quot;_ob_use_harakiri&quot;:&quot;yes&quot;,&quot;_ob_harakiri_writing_mode&quot;:&quot;inherit&quot;,&quot;_ob_postman_use&quot;:&quot;no&quot;,&quot;_ob_widget_stalker_use&quot;:&quot;no&quot;,&quot;_ob_poopart_use&quot;:&quot;yes&quot;,&quot;_ob_shadough_use&quot;:&quot;no&quot;,&quot;_ob_allow_hoveranimator&quot;:&quot;no&quot;}\" data-widget_type=\"text-editor.default\">\n\t\t\t\t<div class=\"elementor-widget-container\">\n\t\t\t\t\t\t\t\t\t<p>Discover all our special offers at H\u00f4tel La Monnaie and Spa La Neuvi\u00e8me Lettre, in La Rochelle :<\/p>\t\t\t\t\t\t\t\t<\/div>\n\t\t\t\t<\/div>\n\t\t\t\t<div class=\"elementor-element elementor-element-dcde3ac section-offres elementor-grid-2 elementor-grid-tablet-2 elementor-grid-mobile-1 elementor-posts--thumbnail-top elementor-card-shadow-yes elementor-posts__hover-gradient ob-has-background-overlay elementor-widget elementor-widget-posts\" data-id=\"dcde3ac\" data-element_type=\"widget\" data-settings=\"{&quot;cards_columns&quot;:&quot;2&quot;,&quot;cards_columns_tablet&quot;:&quot;2&quot;,&quot;cards_columns_mobile&quot;:&quot;1&quot;,&quot;cards_row_gap&quot;:{&quot;unit&quot;:&quot;px&quot;,&quot;size&quot;:35,&quot;sizes&quot;:[]},&quot;cards_row_gap_tablet&quot;:{&quot;unit&quot;:&quot;px&quot;,&quot;size&quot;:&quot;&quot;,&quot;sizes&quot;:[]},&quot;cards_row_gap_mobile&quot;:{&quot;unit&quot;:&quot;px&quot;,&quot;size&quot;:&quot;&quot;,&quot;sizes&quot;:[]},&quot;_ob_widget_stalker_use&quot;:&quot;no&quot;,&quot;_ob_poopart_use&quot;:&quot;yes&quot;,&quot;_ob_shadough_use&quot;:&quot;no&quot;,&quot;_ob_allow_hoveranimator&quot;:&quot;no&quot;}\" data-widget_type=\"posts.cards\">\n\t\t\t\t<div class=\"elementor-widget-container\">\n\t\t\t\t\t\t\t<div class=\"elementor-posts-container elementor-posts elementor-posts--skin-cards elementor-grid\" role=\"list\">\n\t\t\t\t<article class=\"elementor-post elementor-grid-item post-5431 post type-post status-publish format-standard has-post-thumbnail hentry category-non-classe\" role=\"listitem\">\n\t\t\t<div class=\"elementor-post__card\">\n\t\t\t\t<a class=\"elementor-post__thumbnail__link\" href=\"https:\/\/www.hotelmonnaie.com\/en\/champagne-spa-neuvieme-lettre-rochelle\/\" tabindex=\"-1\" target=\"_blank\"><div class=\"elementor-post__thumbnail\"><img fetchpriority=\"high\" decoding=\"async\" width=\"768\" height=\"397\" src=\"https:\/\/www.hotelmonnaie.com\/wp-content\/uploads\/2024\/06\/hotel_monnaie_rochelle_spa_neuvieme_lettre_4_etoiles_vieux_port_offre_bulles__louis_roederer_champagne-1-e1734364346884-768x397.jpg\" class=\"attachment-medium_large size-medium_large wp-image-5439\" alt=\"The Suite at the Spa La Neuvi\u00e8me Lettre with jacuzzi and Louis Roederer champagne in La Rochelle\" srcset=\"https:\/\/www.hotelmonnaie.com\/wp-content\/uploads\/2024\/06\/hotel_monnaie_rochelle_spa_neuvieme_lettre_4_etoiles_vieux_port_offre_bulles__louis_roederer_champagne-1-e1734364346884-768x397.jpg 768w, https:\/\/www.hotelmonnaie.com\/wp-content\/uploads\/2024\/06\/hotel_monnaie_rochelle_spa_neuvieme_lettre_4_etoiles_vieux_port_offre_bulles__louis_roederer_champagne-1-e1734364346884-300x155.jpg 300w, https:\/\/www.hotelmonnaie.com\/wp-content\/uploads\/2024\/06\/hotel_monnaie_rochelle_spa_neuvieme_lettre_4_etoiles_vieux_port_offre_bulles__louis_roederer_champagne-1-e1734364346884-1024x529.jpg 1024w, https:\/\/www.hotelmonnaie.com\/wp-content\/uploads\/2024\/06\/hotel_monnaie_rochelle_spa_neuvieme_lettre_4_etoiles_vieux_port_offre_bulles__louis_roederer_champagne-1-e1734364346884-1536x794.jpg 1536w, https:\/\/www.hotelmonnaie.com\/wp-content\/uploads\/2024\/06\/hotel_monnaie_rochelle_spa_neuvieme_lettre_4_etoiles_vieux_port_offre_bulles__louis_roederer_champagne-1-e1734364346884-18x9.jpg 18w, https:\/\/www.hotelmonnaie.com\/wp-content\/uploads\/2024\/06\/hotel_monnaie_rochelle_spa_neuvieme_lettre_4_etoiles_vieux_port_offre_bulles__louis_roederer_champagne-1-e1734364346884.jpg 2048w\" sizes=\"(max-width: 768px) 100vw, 768px\" \/><\/div><\/a>\n\t\t\t\t<div class=\"elementor-post__badge\">Special offers<\/div>\n\t\t\t\t<div class=\"elementor-post__text\">\n\t\t\t\t<h2 class=\"elementor-post__title\">\n\t\t\t<a href=\"https:\/\/www.hotelmonnaie.com\/en\/champagne-spa-neuvieme-lettre-rochelle\/\" target=\"&quot;_blank&quot;\">\n\t\t\t\tBulles de Champagne &amp; Spa\t\t\t<\/a>\n\t\t<\/h2>\n\t\t\t\t<div class=\"elementor-post__excerpt\">\n\t\t\t<div class=\"offer-price\">220\u20ac for 2 people<\/div>\n<p>Take advantage of our Bulles &amp; Spa offer in partnership with Roederer, at the Spa La Neuvi\u00e8me Lettre in La Rochelle.<\/p>\n\t\t<\/div>\n\t\t\n\t\t<a class=\"elementor-post__read-more\" href=\"https:\/\/www.hotelmonnaie.com\/en\/champagne-spa-neuvieme-lettre-rochelle\/\" aria-label=\"Read more about Bulles de Champagne &amp; Spa\" tabindex=\"-1\" target=\"_blank\">\n\t\t\tDiscover\t\t<\/a>\n\n\t\t\t\t<\/div>\n\t\t\t\t\t<\/div>\n\t\t<\/article>\n\t\t\t\t<article class=\"elementor-post elementor-grid-item post-5822 post type-post status-publish format-standard has-post-thumbnail hentry category-non-classe\" role=\"listitem\">\n\t\t\t<div class=\"elementor-post__card\">\n\t\t\t\t<a class=\"elementor-post__thumbnail__link\" href=\"https:\/\/www.hotelmonnaie.com\/en\/air-marin-bien-etre\/\" tabindex=\"-1\" target=\"_blank\"><div class=\"elementor-post__thumbnail\"><img decoding=\"async\" width=\"768\" height=\"512\" src=\"https:\/\/www.hotelmonnaie.com\/wp-content\/uploads\/2024\/06\/hotel_monnaie_rochelle_spa_neuvieme_lettre_4_etoiles_vieux_port_suite_aurore-768x512.jpg\" class=\"attachment-medium_large size-medium_large wp-image-5393\" alt=\"The Aurore Suite at the Spa La Neuvi\u00e8me Lettre in La Rochelle in the Old Port at the H\u00f4tel La MonnaieThe Aurore Suite at the Spa La Neuvi\u00e8me Lettre in La Rochelle in the Old Port at the H\u00f4tel La Monnaie\" srcset=\"https:\/\/www.hotelmonnaie.com\/wp-content\/uploads\/2024\/06\/hotel_monnaie_rochelle_spa_neuvieme_lettre_4_etoiles_vieux_port_suite_aurore-768x512.jpg 768w, https:\/\/www.hotelmonnaie.com\/wp-content\/uploads\/2024\/06\/hotel_monnaie_rochelle_spa_neuvieme_lettre_4_etoiles_vieux_port_suite_aurore-300x200.jpg 300w, https:\/\/www.hotelmonnaie.com\/wp-content\/uploads\/2024\/06\/hotel_monnaie_rochelle_spa_neuvieme_lettre_4_etoiles_vieux_port_suite_aurore-1024x683.jpg 1024w, https:\/\/www.hotelmonnaie.com\/wp-content\/uploads\/2024\/06\/hotel_monnaie_rochelle_spa_neuvieme_lettre_4_etoiles_vieux_port_suite_aurore-1536x1024.jpg 1536w, https:\/\/www.hotelmonnaie.com\/wp-content\/uploads\/2024\/06\/hotel_monnaie_rochelle_spa_neuvieme_lettre_4_etoiles_vieux_port_suite_aurore-18x12.jpg 18w, https:\/\/www.hotelmonnaie.com\/wp-content\/uploads\/2024\/06\/hotel_monnaie_rochelle_spa_neuvieme_lettre_4_etoiles_vieux_port_suite_aurore.jpg 2048w\" sizes=\"(max-width: 768px) 100vw, 768px\" \/><\/div><\/a>\n\t\t\t\t<div class=\"elementor-post__badge\">Special offers<\/div>\n\t\t\t\t<div class=\"elementor-post__text\">\n\t\t\t\t<h2 class=\"elementor-post__title\">\n\t\t\t<a href=\"https:\/\/www.hotelmonnaie.com\/en\/air-marin-bien-etre\/\" target=\"&quot;_blank&quot;\">\n\t\t\t\tSea air &amp; well-being\t\t\t<\/a>\n\t\t<\/h2>\n\t\t\t\t<div class=\"elementor-post__excerpt\">\n\t\t\t<div class=\"offer-price\">From \u20ac339<\/div>\n<p>Take advantage of our Marine Air &amp; Wellbeing offer, a complete getaway in La Rochelle.<\/p>\n\t\t<\/div>\n\t\t\n\t\t<a class=\"elementor-post__read-more\" href=\"https:\/\/www.hotelmonnaie.com\/en\/air-marin-bien-etre\/\" aria-label=\"Read more about Marine air &amp; well-being\" tabindex=\"-1\" target=\"_blank\">\n\t\t\tDiscover\t\t<\/a>\n\n\t\t\t\t<\/div>\n\t\t\t\t\t<\/div>\n\t\t<\/article>\n\t\t\t\t<article class=\"elementor-post elementor-grid-item post-6182 post type-post status-publish format-standard has-post-thumbnail hentry category-non-classe\" role=\"listitem\">\n\t\t\t<div class=\"elementor-post__card\">\n\t\t\t\t<a class=\"elementor-post__thumbnail__link\" href=\"https:\/\/www.hotelmonnaie.com\/en\/cocooning-wellness-getaway\/\" tabindex=\"-1\" target=\"_blank\"><div class=\"elementor-post__thumbnail\"><img decoding=\"async\" width=\"768\" height=\"575\" src=\"https:\/\/www.hotelmonnaie.com\/wp-content\/uploads\/2024\/09\/sothys-corps-institutionnel-03-LZW-768x575.jpg\" class=\"attachment-medium_large size-medium_large wp-image-6210\" alt=\"Relaxing body massage by Sothys at the Spa in La Rochelle\" srcset=\"https:\/\/www.hotelmonnaie.com\/wp-content\/uploads\/2024\/09\/sothys-corps-institutionnel-03-LZW-768x575.jpg 768w, https:\/\/www.hotelmonnaie.com\/wp-content\/uploads\/2024\/09\/sothys-corps-institutionnel-03-LZW-300x225.jpg 300w, https:\/\/www.hotelmonnaie.com\/wp-content\/uploads\/2024\/09\/sothys-corps-institutionnel-03-LZW-1024x767.jpg 1024w, https:\/\/www.hotelmonnaie.com\/wp-content\/uploads\/2024\/09\/sothys-corps-institutionnel-03-LZW-1536x1151.jpg 1536w, https:\/\/www.hotelmonnaie.com\/wp-content\/uploads\/2024\/09\/sothys-corps-institutionnel-03-LZW-2048x1535.jpg 2048w, https:\/\/www.hotelmonnaie.com\/wp-content\/uploads\/2024\/09\/sothys-corps-institutionnel-03-LZW-16x12.jpg 16w\" sizes=\"(max-width: 768px) 100vw, 768px\" \/><\/div><\/a>\n\t\t\t\t<div class=\"elementor-post__badge\">Special offers<\/div>\n\t\t\t\t<div class=\"elementor-post__text\">\n\t\t\t\t<h2 class=\"elementor-post__title\">\n\t\t\t<a href=\"https:\/\/www.hotelmonnaie.com\/en\/cocooning-wellness-getaway\/\" target=\"&quot;_blank&quot;\">\n\t\t\t\tWellness and cocooning\t\t\t<\/a>\n\t\t<\/h2>\n\t\t\t\t<div class=\"elementor-post__excerpt\">\n\t\t\t<div class=\"offer-price\">From \u20ac359 for 2 people<\/div>\n<p>Enjoy a cocooning stay at the H\u00f4tel La Monnaie in La Rochelle.<\/p>\n\t\t<\/div>\n\t\t\n\t\t<a class=\"elementor-post__read-more\" href=\"https:\/\/www.hotelmonnaie.com\/en\/cocooning-wellness-getaway\/\" aria-label=\"Read more about Wellness &amp; cocooning getaway\" tabindex=\"-1\" target=\"_blank\">\n\t\t\tDiscover\t\t<\/a>\n\n\t\t\t\t<\/div>\n\t\t\t\t\t<\/div>\n\t\t<\/article>\n\t\t\t\t<article class=\"elementor-post elementor-grid-item post-6970 post type-post status-publish format-standard has-post-thumbnail hentry category-non-classe\" role=\"listitem\">\n\t\t\t<div class=\"elementor-post__card\">\n\t\t\t\t<a class=\"elementor-post__thumbnail__link\" href=\"https:\/\/www.hotelmonnaie.com\/en\/freshness-ritual\/\" tabindex=\"-1\" target=\"_blank\"><div class=\"elementor-post__thumbnail\"><img loading=\"lazy\" decoding=\"async\" width=\"768\" height=\"427\" src=\"https:\/\/www.hotelmonnaie.com\/wp-content\/uploads\/2025\/07\/rituel-fraicheur-spa-la-rochelle-768x427.png\" class=\"attachment-medium_large size-medium_large wp-image-7002\" alt=\"Photo -\" srcset=\"https:\/\/www.hotelmonnaie.com\/wp-content\/uploads\/2025\/07\/rituel-fraicheur-spa-la-rochelle-768x427.png 768w, https:\/\/www.hotelmonnaie.com\/wp-content\/uploads\/2025\/07\/rituel-fraicheur-spa-la-rochelle-300x167.png 300w, https:\/\/www.hotelmonnaie.com\/wp-content\/uploads\/2025\/07\/rituel-fraicheur-spa-la-rochelle-18x10.png 18w, https:\/\/www.hotelmonnaie.com\/wp-content\/uploads\/2025\/07\/rituel-fraicheur-spa-la-rochelle.png 900w\" sizes=\"(max-width: 768px) 100vw, 768px\"><\/div><\/a>\n\t\t\t\t<div class=\"elementor-post__badge\">Special offers<\/div>\n\t\t\t\t<div class=\"elementor-post__text\">\n\t\t\t\t<h2 class=\"elementor-post__title\">\n\t\t\t<a href=\"https:\/\/www.hotelmonnaie.com\/en\/freshness-ritual\/\" target=\"&quot;_blank&quot;\">\n\t\t\t\tFreshness ritual\t\t\t<\/a>\n\t\t<\/h2>\n\t\t\t\t<div class=\"elementor-post__excerpt\">\n\t\t\t<div class=\"offer-price\">At the special price of \u20ac125<\/div>\n<p>This summer, take advantage of our Rituel Fra\u00eecheur offer in La Rochelle.<\/p>\n\t\t<\/div>\n\t\t\n\t\t<a class=\"elementor-post__read-more\" href=\"https:\/\/www.hotelmonnaie.com\/en\/freshness-ritual\/\" aria-label=\"Read more about Rituel Fra\u00eecheur\" tabindex=\"-1\" target=\"_blank\">\n\t\t\tDiscover\t\t<\/a>\n\n\t\t\t\t<\/div>\n\t\t\t\t\t<\/div>\n\t\t<\/article>\n\t\t\t\t<\/div>\n\t\t\n\t\t\t\t\t\t<\/div>\n\t\t\t\t<\/div>\n\t\t\t\t\t<\/div>\n\t\t<\/div>\n\t\t\t\t\t<\/div>\n\t\t<\/section>\n\t\t\t\t<\/div>","protected":false},"excerpt":{"rendered":"<p>Special offers Discover all our special offers at H\u00f4tel La Monnaie and Spa La Neuvi\u00e8me Lettre, in La Rochelle :<\/p>","protected":false},"author":6,"featured_media":0,"parent":0,"menu_order":9,"comment_status":"closed","ping_status":"closed","template":"","meta":{"inline_featured_image":false,"footnotes":""},"class_list":["post-355","page","type-page","status-publish","hentry"],"_links":{"self":[{"href":"https:\/\/www.hotelmonnaie.com\/en\/wp-json\/wp\/v2\/pages\/355","targetHints":{"allow":["GET"]}}],"collection":[{"href":"https:\/\/www.hotelmonnaie.com\/en\/wp-json\/wp\/v2\/pages"}],"about":[{"href":"https:\/\/www.hotelmonnaie.com\/en\/wp-json\/wp\/v2\/types\/page"}],"author":[{"embeddable":true,"href":"https:\/\/www.hotelmonnaie.com\/en\/wp-json\/wp\/v2\/users\/6"}],"replies":[{"embeddable":true,"href":"https:\/\/www.hotelmonnaie.com\/en\/wp-json\/wp\/v2\/comments?post=355"}],"version-history":[{"count":74,"href":"https:\/\/www.hotelmonnaie.com\/en\/wp-json\/wp\/v2\/pages\/355\/revisions"}],"predecessor-version":[{"id":6637,"href":"https:\/\/www.hotelmonnaie.com\/en\/wp-json\/wp\/v2\/pages\/355\/revisions\/6637"}],"wp:attachment":[{"href":"https:\/\/www.hotelmonnaie.com\/en\/wp-json\/wp\/v2\/media?parent=355"}],"curies":[{"name":"wp","href":"https:\/\/api.w.org\/{rel}","templated":true}]}}